{"id":3,"date":"2024-07-24T23:14:45","date_gmt":"2024-07-24T23:14:45","guid":{"rendered":"https:\/\/laboratorioschoenstatt.com\/?page_id=3"},"modified":"2024-08-05T16:06:59","modified_gmt":"2024-08-05T16:06:59","slug":"avisodeprivacidad","status":"publish","type":"page","link":"https:\/\/laboratorioschoenstatt.com\/?page_id=3","title":{"rendered":"Aviso de Privacidad"},"content":{"rendered":"\n<h5 class=\"wp-block-heading\">Los datos personales que nos proporcione, ser\u00e1n protegidos conforme a lo dispuesto por la Ley Federal de Protecci\u00f3n de Datos Personales en Posesi\u00f3n de los Particulares, y dem\u00e1s normatividad que resulte aplicable establecido en el Aviso de Privacidad publicado en sucursales y matriz del Laboratorio Schoenstatt y en el sitio web <a href=\"https:\/\/laboratorioschoenstatt.com\/index.php\">https:\/\/laboratorioschoenstatt.com\/index.php<\/a>.<\/h5>\n\n\n\n<p>Consentimiento Informado<\/p>\n\n\n\n<p>Para la toma de muestras, el laboratorio cl\u00ednico Schoenstatt ha dispuesto personal id\u00f3neo que atender\u00e1 sus inquietudes con respecto a sus an\u00e1lisis.<\/p>\n\n\n\n<p>Por otra parte los elementos e implementos que se utilizaran en el procedimiento son desechables y de uso exclusivo para cada paciente.<\/p>\n\n\n\n<p>Igualmente la confidencialidad de los resultados est\u00e1 garantizada por el manejo de los mismos por parte del personal del laboratorio.<\/p>\n\n\n\n<p>Es importante se\u00f1or (a) usuario que Usted marque las muestras que deba traer, como orina y excremento, esto contribuir\u00e1 al buen manejo de las mismas.<\/p>\n\n\n\n<p>Proporcione datos reales en cuanto a informaci\u00f3n como tel\u00e9fono, direcci\u00f3n, etc., ya que si es necesario tomarle nuevamente la muestra por alg\u00fan motivo esto facilitara la comunicaci\u00f3n con Usted, ya que nuestro principal inter\u00e9s es su salud.&nbsp;<\/p>\n\n\n\n<p>Ciertas enfermedades son de notificaci\u00f3n obligatoria a las autoridades de salud del estado, ante \u00e9sta situaci\u00f3n el laboratorio est\u00e1 obligado de ser necesario, a elaborar el reporte con los datos personales del paciente.<\/p>\n\n\n\n<p>1.- Tenga en cuenta que la extracci\u00f3n de sangre venosa o arterial puede producir un dolor moderado&nbsp;<\/p>\n\n\n\n<p>En algunas ocasiones, se pueden presentar algunos riesgos con este procedimiento, como son:<\/p>\n\n\n\n<ul class=\"wp-block-list\">\n<li>Sangrado un poco prolongado lo que har\u00e1 necesario esperar a que cese<\/li>\n\n\n\n<li>\u00a0Sensaci\u00f3n de mareo, que la mayor\u00eda de las veces se ocasiona por el estr\u00e9s propio del proceso. Por ello se le recomienda guardar la calma y manifestar su ansiedad al personal del laboratorio para poder ayudarlo<\/li>\n\n\n\n<li>Hematomas (acumulaci\u00f3n de sangre debajo de la piel) lo que com\u00fanmente se le denomina \u201cmoret\u00f3n\u201d<\/li>\n\n\n\n<li>Probable riesgo leve de infecci\u00f3n<\/li>\n\n\n\n<li>En casos dif\u00edciles de extracci\u00f3n de la sangre debido al grosor y localizaci\u00f3n profunda de las venas se hace necesario realizar otras punciones adicionales. En caso de no admitir Usted este proceso, las muestras necesarias para sus ex\u00e1menes podr\u00edan no ser adecuadas o quedar incompletas afectando sus resultados.<\/li>\n\n\n\n<li>Flebitis: sus signos son sensibilidad sobre la vena puncionada, dolor en la parte afectada, piel rojiza e inflamaci\u00f3n, estos signos afortunadamente desaparecen en cuesti\u00f3n de d\u00edas. Determinados ex\u00e1menes de laboratorio como: Curvas de Glucosa, Glucosa postprandial, entre otras pruebas requieren de la toma de m\u00e1s de una muestra de acuerdo al procedimiento, lo cual se le informar\u00e1 al momento de la atenci\u00f3n, con sus respectivas instrucciones.<\/li>\n<\/ul>\n\n\n\n<p>2.- Para la toma de muestras de piel, garganta, ojos nariz, vagina, uretra, \u00falceras, abscesos y secreciones en general pueden presentarse sensaciones leve de dolor y en ocasiones presentarse sangrados ligeros, los cuales no representan riego para su estado de salud.<\/p>\n\n\n\n<p>3.- En caso de pacientes menores de edad o padezcan alguna incapacidad f\u00edsica y\/o mental se hace responsable su acompa\u00f1ante, del consentimiento y tr\u00e1mites necesarios para llevar a cabo el procedimiento.&nbsp;&nbsp;&nbsp;&nbsp;&nbsp;&nbsp;&nbsp;&nbsp;<\/p>\n\n\n\n<p><strong>DATOS PARA DILIGENCIAR EXCLUSIVAMENTE POR EL PACIENTE Y\/O SU ACOMPA\u00d1ANTE O FAMILIAR<\/strong><\/p>\n\n\n\n<p><strong>Consiento que mis datos sean tratados conforme a los t\u00e9rminos y condiciones del Aviso de Privacidad, estoy informada sobre las especificaciones de la toma de muestra mencionadas anteriormente y de acuerdo con la realizaci\u00f3n de los estudios solicitados de forma escrita y\/o verbal.<\/strong><\/p>\n\n\n\n<p><\/p>\n","protected":false},"excerpt":{"rendered":"<p>Los datos personales que nos proporcione, ser\u00e1n protegidos conforme a lo dispuesto por la Ley Federal de Protecci\u00f3n de Datos Personales en Posesi\u00f3n de los Particulares, y dem\u00e1s normatividad que [&hellip;]<\/p>\n","protected":false},"author":1,"featured_media":0,"parent":0,"menu_order":0,"comment_status":"closed","ping_status":"closed","template":"","meta":{"footnotes":""},"yst_prominent_words":[],"class_list":["post-3","page","type-page","status-publish","hentry"],"yoast_head":"<!-- This site is optimized with the Yoast SEO Premium plugin v14.6.1 - https:\/\/yoast.com\/wordpress\/plugins\/seo\/ -->\n<title>Aviso de Privacidad - Laboratorio Schoenstatt<\/title>\n<meta name=\"robots\" content=\"index, follow\" \/>\n<meta name=\"googlebot\" content=\"index, follow, max-snippet:-1, max-image-preview:large, max-video-preview:-1\" \/>\n<meta name=\"bingbot\" content=\"index, follow, max-snippet:-1, max-image-preview:large, max-video-preview:-1\" \/>\n<link rel=\"canonical\" href=\"https:\/\/laboratorioschoenstatt.com\/?page_id=3\" \/>\n<meta property=\"og:locale\" content=\"es_ES\" \/>\n<meta property=\"og:type\" content=\"article\" \/>\n<meta property=\"og:title\" content=\"Aviso de Privacidad - Laboratorio Schoenstatt\" \/>\n<meta property=\"og:description\" content=\"Los datos personales que nos proporcione, ser\u00e1n protegidos conforme a lo dispuesto por la Ley Federal de Protecci\u00f3n de Datos Personales en Posesi\u00f3n de los Particulares, y dem\u00e1s normatividad que [&hellip;]\" \/>\n<meta property=\"og:url\" content=\"https:\/\/laboratorioschoenstatt.com\/?page_id=3\" \/>\n<meta property=\"og:site_name\" content=\"Laboratorio Schoenstatt\" \/>\n<meta property=\"article:modified_time\" content=\"2024-08-05T16:06:59+00:00\" \/>\n<meta name=\"twitter:card\" content=\"summary_large_image\" \/>\n<script type=\"application\/ld+json\" class=\"yoast-schema-graph\">{\"@context\":\"https:\/\/schema.org\",\"@graph\":[{\"@type\":\"WebSite\",\"@id\":\"https:\/\/laboratorioschoenstatt.com\/#website\",\"url\":\"https:\/\/laboratorioschoenstatt.com\/\",\"name\":\"Laboratorio Schoenstatt\",\"description\":\"Laboratorio Schoenstatt\",\"potentialAction\":[{\"@type\":\"SearchAction\",\"target\":\"https:\/\/laboratorioschoenstatt.com\/?s={search_term_string}\",\"query-input\":\"required name=search_term_string\"}],\"inLanguage\":\"es\"},{\"@type\":\"WebPage\",\"@id\":\"https:\/\/laboratorioschoenstatt.com\/?page_id=3#webpage\",\"url\":\"https:\/\/laboratorioschoenstatt.com\/?page_id=3\",\"name\":\"Aviso de Privacidad - Laboratorio Schoenstatt\",\"isPartOf\":{\"@id\":\"https:\/\/laboratorioschoenstatt.com\/#website\"},\"datePublished\":\"2024-07-24T23:14:45+00:00\",\"dateModified\":\"2024-08-05T16:06:59+00:00\",\"inLanguage\":\"es\",\"potentialAction\":[{\"@type\":\"ReadAction\",\"target\":[\"https:\/\/laboratorioschoenstatt.com\/?page_id=3\"]}]}]}<\/script>\n<!-- \/ Yoast SEO Premium plugin. -->","_links":{"self":[{"href":"https:\/\/laboratorioschoenstatt.com\/index.php?rest_route=\/wp\/v2\/pages\/3","targetHints":{"allow":["GET"]}}],"collection":[{"href":"https:\/\/laboratorioschoenstatt.com\/index.php?rest_route=\/wp\/v2\/pages"}],"about":[{"href":"https:\/\/laboratorioschoenstatt.com\/index.php?rest_route=\/wp\/v2\/types\/page"}],"author":[{"embeddable":true,"href":"https:\/\/laboratorioschoenstatt.com\/index.php?rest_route=\/wp\/v2\/users\/1"}],"replies":[{"embeddable":true,"href":"https:\/\/laboratorioschoenstatt.com\/index.php?rest_route=%2Fwp%2Fv2%2Fcomments&post=3"}],"version-history":[{"count":1,"href":"https:\/\/laboratorioschoenstatt.com\/index.php?rest_route=\/wp\/v2\/pages\/3\/revisions"}],"predecessor-version":[{"id":3846,"href":"https:\/\/laboratorioschoenstatt.com\/index.php?rest_route=\/wp\/v2\/pages\/3\/revisions\/3846"}],"wp:attachment":[{"href":"https:\/\/laboratorioschoenstatt.com\/index.php?rest_route=%2Fwp%2Fv2%2Fmedia&parent=3"}],"wp:term":[{"taxonomy":"yst_prominent_words","embeddable":true,"href":"https:\/\/laboratorioschoenstatt.com\/index.php?rest_route=%2Fwp%2Fv2%2Fyst_prominent_words&post=3"}],"curies":[{"name":"wp","href":"https:\/\/api.w.org\/{rel}","templated":true}]}}