{"id":3487,"date":"2024-07-31T02:16:00","date_gmt":"2024-07-31T02:16:00","guid":{"rendered":"https:\/\/laboratorioschoenstatt.com\/?page_id=3487"},"modified":"2024-08-05T17:09:13","modified_gmt":"2024-08-05T17:09:13","slug":"servicios-lab1","status":"publish","type":"page","link":"https:\/\/laboratorioschoenstatt.com\/?page_id=3487","title":{"rendered":"Nuestros Servicios"},"content":{"rendered":"\t\t<div data-elementor-type=\"wp-page\" data-elementor-id=\"3487\" class=\"elementor elementor-3487\">\n\t\t\t\t<div class=\"elementor-element elementor-element-1343807 e-flex e-con-boxed e-con e-parent\" data-id=\"1343807\" data-element_type=\"container\" data-e-type=\"container\">\n\t\t\t\t\t<div class=\"e-con-inner\">\n\t\t\t\t<div class=\"elementor-element elementor-element-1418b4b elementor-widget elementor-widget-laborex_service2\" data-id=\"1418b4b\" data-element_type=\"widget\" data-e-type=\"widget\" data-widget_type=\"laborex_service2.default\">\n\t\t\t\t<div class=\"elementor-widget-container\">\n\t\t\t\t\t\t\t\t<!-- service-style-two -->\r\n\t\t\t<section class=\"service-style-two sec-pad centred\">\r\n\t\t\t\t<div class=\"auto-container\">\r\n\t\t\t\t\t<div class=\"sec-title centred\">\r\n\t\t\t\t\t\t<h6>Nuestros Servicios<\/h6>\r\n\t\t\t\t\t\t<h2>Precisi\u00f3n y confianza en cada an\u00e1lisis. Tu salud, nuestra prioridad.<\/h2>\r\n\t\t\t\t\t<\/div>\r\n\t\t\t\t\t<div class=\"row clearfix\">\r\n\t\t\t\t\t\t\t\t\t\t\t\t\t<div class=\"col-lg-4 col-md-6 col-sm-12 service-block\">\r\n\t\t\t\t\t\t\t\t<div class=\"service-block-two\">\r\n\t\t\t\t\t\t\t\t\t<div class=\"inner-box\">\r\n\t\t\t\t\t\t\t\t\t\t<figure class=\"image-box\">\r\n\t\t\t\t\t\t\t\t\t\t\t<img fetchpriority=\"high\" decoding=\"async\" width=\"1500\" height=\"737\" src=\"https:\/\/laboratorioschoenstatt.com\/wp-content\/uploads\/2024\/08\/coronavirus-vaccine-lab-with-samples.jpg\" class=\"attachment-full size-full\" alt=\"\" srcset=\"https:\/\/laboratorioschoenstatt.com\/wp-content\/uploads\/2024\/08\/coronavirus-vaccine-lab-with-samples.jpg 1500w, https:\/\/laboratorioschoenstatt.com\/wp-content\/uploads\/2024\/08\/coronavirus-vaccine-lab-with-samples-300x147.jpg 300w, https:\/\/laboratorioschoenstatt.com\/wp-content\/uploads\/2024\/08\/coronavirus-vaccine-lab-with-samples-1024x503.jpg 1024w, https:\/\/laboratorioschoenstatt.com\/wp-content\/uploads\/2024\/08\/coronavirus-vaccine-lab-with-samples-768x377.jpg 768w\" sizes=\"(max-width: 1500px) 100vw, 1500px\" \/>\t\t\t\t\t\t\t\t\t\t<\/figure>\r\n\t\t\t\t\t\t\t\t\t\t<div class=\"lower-content\">\r\n\t\t\t\t\t\t\t\t\t\t\t<div class=\"icon-box\"><\/div>\r\n\t\t\t\t\t\t\t\t\t\t\t<h4><a href=\"https:\/\/laboratorioschoenstatt.com\/?page_id=3538\"  >HEMATOLOG\u00cdA<\/a><\/h4>\r\n\t\t\t\t\t\t\t\t\t\t\t<p>Nuestro servicio de hematolog\u00eda ofrece an\u00e1lisis de sangre para diagnosticar y monitorear condiciones m\u00e9dicas. Incluye hemograma completo, pruebas de coagulaci\u00f3n y velocidad de sedimentaci\u00f3n globular. Resultados precisos y confiables garantizados. Cont\u00e1ctanos para m\u00e1s informaci\u00f3n.<\/p>\r\n\t\t\t\t\t\t\t\t\t\t\t\t\t\t\t\t\t\t\t\t\t\t<div class=\"btn-box\"><a href=\"https:\/\/laboratorioschoenstatt.com\/?page_id=3538\"   class=\"theme-btn-two\">Ver m\u00e1s<\/a><\/div>\r\n\t\t\t\t\t\t\t\t\t\t\t\t\t\t\t\t\t\t\t\t\t<\/div>\r\n\t\t\t\t\t\t\t\t\t<\/div>\r\n\t\t\t\t\t\t\t\t<\/div>\r\n\t\t\t\t\t\t\t<\/div>\r\n\t\t\t\t\t\t\t\t\t\t\t\t\t<div class=\"col-lg-4 col-md-6 col-sm-12 service-block\">\r\n\t\t\t\t\t\t\t\t<div class=\"service-block-two\">\r\n\t\t\t\t\t\t\t\t\t<div class=\"inner-box\">\r\n\t\t\t\t\t\t\t\t\t\t<figure class=\"image-box\">\r\n\t\t\t\t\t\t\t\t\t\t\t<img decoding=\"async\" width=\"2220\" height=\"1351\" src=\"https:\/\/laboratorioschoenstatt.com\/wp-content\/uploads\/2024\/08\/analitica-hormonal-cuando-realizarla.jpg\" class=\"attachment-full size-full\" alt=\"\" srcset=\"https:\/\/laboratorioschoenstatt.com\/wp-content\/uploads\/2024\/08\/analitica-hormonal-cuando-realizarla.jpg 2220w, https:\/\/laboratorioschoenstatt.com\/wp-content\/uploads\/2024\/08\/analitica-hormonal-cuando-realizarla-300x183.jpg 300w, https:\/\/laboratorioschoenstatt.com\/wp-content\/uploads\/2024\/08\/analitica-hormonal-cuando-realizarla-1024x623.jpg 1024w, https:\/\/laboratorioschoenstatt.com\/wp-content\/uploads\/2024\/08\/analitica-hormonal-cuando-realizarla-768x467.jpg 768w, https:\/\/laboratorioschoenstatt.com\/wp-content\/uploads\/2024\/08\/analitica-hormonal-cuando-realizarla-1536x935.jpg 1536w, https:\/\/laboratorioschoenstatt.com\/wp-content\/uploads\/2024\/08\/analitica-hormonal-cuando-realizarla-2048x1246.jpg 2048w\" sizes=\"(max-width: 2220px) 100vw, 2220px\" \/>\t\t\t\t\t\t\t\t\t\t<\/figure>\r\n\t\t\t\t\t\t\t\t\t\t<div class=\"lower-content\">\r\n\t\t\t\t\t\t\t\t\t\t\t<div class=\"icon-box\"><\/div>\r\n\t\t\t\t\t\t\t\t\t\t\t<h4><a href=\"https:\/\/laboratorioschoenstatt.com\/?page_id=3738\"  >COAGULACI\u00d3N<\/a><\/h4>\r\n\t\t\t\t\t\t\t\t\t\t\t<p>Nuestro servicio de coagulaci\u00f3n eval\u00faa la capacidad de tu sangre para formar co\u00e1gulos y prevenir hemorragias. Ofrecemos pruebas como tiempo de protrombina (TP) y tiempo parcial de tromboplastina (TPT). Resultados precisos y confiables garantizados. Cont\u00e1ctanos para m\u00e1s informaci\u00f3n.<\/p>\r\n\t\t\t\t\t\t\t\t\t\t\t\t\t\t\t\t\t\t\t\t\t\t<div class=\"btn-box\"><a href=\"https:\/\/laboratorioschoenstatt.com\/?page_id=3738\"   class=\"theme-btn-two\">Ver m\u00e1s<\/a><\/div>\r\n\t\t\t\t\t\t\t\t\t\t\t\t\t\t\t\t\t\t\t\t\t<\/div>\r\n\t\t\t\t\t\t\t\t\t<\/div>\r\n\t\t\t\t\t\t\t\t<\/div>\r\n\t\t\t\t\t\t\t<\/div>\r\n\t\t\t\t\t\t\t\t\t\t\t\t\t<div class=\"col-lg-4 col-md-6 col-sm-12 service-block\">\r\n\t\t\t\t\t\t\t\t<div class=\"service-block-two\">\r\n\t\t\t\t\t\t\t\t\t<div class=\"inner-box\">\r\n\t\t\t\t\t\t\t\t\t\t<figure class=\"image-box\">\r\n\t\t\t\t\t\t\t\t\t\t\t<img decoding=\"async\" width=\"750\" height=\"400\" src=\"https:\/\/laboratorioschoenstatt.com\/wp-content\/uploads\/2024\/08\/Quimica-Clinica.webp\" class=\"attachment-full size-full\" alt=\"\" srcset=\"https:\/\/laboratorioschoenstatt.com\/wp-content\/uploads\/2024\/08\/Quimica-Clinica.webp 750w, https:\/\/laboratorioschoenstatt.com\/wp-content\/uploads\/2024\/08\/Quimica-Clinica-300x160.webp 300w\" sizes=\"(max-width: 750px) 100vw, 750px\" \/>\t\t\t\t\t\t\t\t\t\t<\/figure>\r\n\t\t\t\t\t\t\t\t\t\t<div class=\"lower-content\">\r\n\t\t\t\t\t\t\t\t\t\t\t<div class=\"icon-box\"><\/div>\r\n\t\t\t\t\t\t\t\t\t\t\t<h4><a href=\"https:\/\/laboratorioschoenstatt.com\/?page_id=3779\"  >QU\u00cdMICA CL\u00cdNICA<\/a><\/h4>\r\n\t\t\t\t\t\t\t\t\t\t\t<p>Nuestro servicio de qu\u00edmica cl\u00ednica realiza an\u00e1lisis de sangre para evaluar tu salud general. Ofrecemos pruebas de glucosa, perfil lip\u00eddico, enzimas hep\u00e1ticas y m\u00e1s. Resultados precisos y confiables garantizados.<\/p>\r\n\t\t\t\t\t\t\t\t\t\t\t\t\t\t\t\t\t\t\t\t\t\t<div class=\"btn-box\"><a href=\"https:\/\/laboratorioschoenstatt.com\/?page_id=3779\"   class=\"theme-btn-two\">Ver m\u00e1s<\/a><\/div>\r\n\t\t\t\t\t\t\t\t\t\t\t\t\t\t\t\t\t\t\t\t\t<\/div>\r\n\t\t\t\t\t\t\t\t\t<\/div>\r\n\t\t\t\t\t\t\t\t<\/div>\r\n\t\t\t\t\t\t\t<\/div>\r\n\t\t\t\t\t\t\t\t\t\t\t\t\t<div class=\"col-lg-4 col-md-6 col-sm-12 service-block\">\r\n\t\t\t\t\t\t\t\t<div class=\"service-block-two\">\r\n\t\t\t\t\t\t\t\t\t<div class=\"inner-box\">\r\n\t\t\t\t\t\t\t\t\t\t<figure class=\"image-box\">\r\n\t\t\t\t\t\t\t\t\t\t\t<img loading=\"lazy\" decoding=\"async\" width=\"756\" height=\"383\" src=\"https:\/\/laboratorioschoenstatt.com\/wp-content\/uploads\/2024\/08\/que-funcion-cumple-la-microbiologia.jpg\" class=\"attachment-full size-full\" alt=\"\" srcset=\"https:\/\/laboratorioschoenstatt.com\/wp-content\/uploads\/2024\/08\/que-funcion-cumple-la-microbiologia.jpg 756w, https:\/\/laboratorioschoenstatt.com\/wp-content\/uploads\/2024\/08\/que-funcion-cumple-la-microbiologia-300x152.jpg 300w\" sizes=\"(max-width: 756px) 100vw, 756px\" \/>\t\t\t\t\t\t\t\t\t\t<\/figure>\r\n\t\t\t\t\t\t\t\t\t\t<div class=\"lower-content\">\r\n\t\t\t\t\t\t\t\t\t\t\t<div class=\"icon-box\"><\/div>\r\n\t\t\t\t\t\t\t\t\t\t\t<h4><a href=\"\"  >MICROBIOLOG\u00cdA<\/a><\/h4>\r\n\t\t\t\t\t\t\t\t\t\t\t<p>Nuestro servicio de microbiolog\u00eda detecta y analiza microorganismos causantes de infecciones. Ofrecemos cultivos bacterianos, an\u00e1lisis de virus y pruebas de sensibilidad a antibi\u00f3ticos. Resultados precisos y confiables garantizados. <\/p>\r\n\t\t\t\t\t\t\t\t\t\t\t\t\t\t\t\t\t\t\t\t\t<\/div>\r\n\t\t\t\t\t\t\t\t\t<\/div>\r\n\t\t\t\t\t\t\t\t<\/div>\r\n\t\t\t\t\t\t\t<\/div>\r\n\t\t\t\t\t\t\t\t\t\t\t\t\t<div class=\"col-lg-4 col-md-6 col-sm-12 service-block\">\r\n\t\t\t\t\t\t\t\t<div class=\"service-block-two\">\r\n\t\t\t\t\t\t\t\t\t<div class=\"inner-box\">\r\n\t\t\t\t\t\t\t\t\t\t<figure class=\"image-box\">\r\n\t\t\t\t\t\t\t\t\t\t\t<img loading=\"lazy\" decoding=\"async\" width=\"1600\" height=\"1000\" src=\"https:\/\/laboratorioschoenstatt.com\/wp-content\/uploads\/2024\/08\/Edulab_servicios_Parasitologia.jpg\" class=\"attachment-full size-full\" alt=\"\" srcset=\"https:\/\/laboratorioschoenstatt.com\/wp-content\/uploads\/2024\/08\/Edulab_servicios_Parasitologia.jpg 1600w, https:\/\/laboratorioschoenstatt.com\/wp-content\/uploads\/2024\/08\/Edulab_servicios_Parasitologia-300x188.jpg 300w, https:\/\/laboratorioschoenstatt.com\/wp-content\/uploads\/2024\/08\/Edulab_servicios_Parasitologia-1024x640.jpg 1024w, https:\/\/laboratorioschoenstatt.com\/wp-content\/uploads\/2024\/08\/Edulab_servicios_Parasitologia-768x480.jpg 768w, https:\/\/laboratorioschoenstatt.com\/wp-content\/uploads\/2024\/08\/Edulab_servicios_Parasitologia-1536x960.jpg 1536w\" sizes=\"(max-width: 1600px) 100vw, 1600px\" \/>\t\t\t\t\t\t\t\t\t\t<\/figure>\r\n\t\t\t\t\t\t\t\t\t\t<div class=\"lower-content\">\r\n\t\t\t\t\t\t\t\t\t\t\t<div class=\"icon-box\"><\/div>\r\n\t\t\t\t\t\t\t\t\t\t\t<h4><a href=\"https:\/\/laboratorioschoenstatt.com\/?page_id=3671\"  >PARASITOLOG\u00cdA<\/a><\/h4>\r\n\t\t\t\t\t\t\t\t\t\t\t<p>Nuestro servicio de parasitolog\u00eda identifica y analiza par\u00e1sitos que pueden afectar tu salud. Ofrecemos pruebas de heces, sangre y otros fluidos corporales. Resultados precisos y confiables garantizados.<\/p>\r\n\t\t\t\t\t\t\t\t\t\t\t\t\t\t\t\t\t\t\t\t\t\t<div class=\"btn-box\"><a href=\"https:\/\/laboratorioschoenstatt.com\/?page_id=3671\"   class=\"theme-btn-two\">Ver m\u00e1s<\/a><\/div>\r\n\t\t\t\t\t\t\t\t\t\t\t\t\t\t\t\t\t\t\t\t\t<\/div>\r\n\t\t\t\t\t\t\t\t\t<\/div>\r\n\t\t\t\t\t\t\t\t<\/div>\r\n\t\t\t\t\t\t\t<\/div>\r\n\t\t\t\t\t\t\t\t\t\t\t\t\t<div class=\"col-lg-4 col-md-6 col-sm-12 service-block\">\r\n\t\t\t\t\t\t\t\t<div class=\"service-block-two\">\r\n\t\t\t\t\t\t\t\t\t<div class=\"inner-box\">\r\n\t\t\t\t\t\t\t\t\t\t<figure class=\"image-box\">\r\n\t\t\t\t\t\t\t\t\t\t\t<img loading=\"lazy\" decoding=\"async\" width=\"275\" height=\"183\" src=\"https:\/\/laboratorioschoenstatt.com\/wp-content\/uploads\/2024\/08\/images.jpeg\" class=\"attachment-full size-full\" alt=\"\" \/>\t\t\t\t\t\t\t\t\t\t<\/figure>\r\n\t\t\t\t\t\t\t\t\t\t<div class=\"lower-content\">\r\n\t\t\t\t\t\t\t\t\t\t\t<div class=\"icon-box\"><\/div>\r\n\t\t\t\t\t\t\t\t\t\t\t<h4><a href=\"\"  >INMUNOLOG\u00cdA<\/a><\/h4>\r\n\t\t\t\t\t\t\t\t\t\t\t<p>Nuestro servicio de parasitolog\u00eda identifica y analiza par\u00e1sitos que pueden afectar tu salud. Ofrecemos pruebas de heces, sangre y otros fluidos corporales. Resultados precisos y confiables garantizados.<\/p>\r\n\t\t\t\t\t\t\t\t\t\t\t\t\t\t\t\t\t\t\t\t\t<\/div>\r\n\t\t\t\t\t\t\t\t\t<\/div>\r\n\t\t\t\t\t\t\t\t<\/div>\r\n\t\t\t\t\t\t\t<\/div>\r\n\t\t\t\t\t\t\t\t\t\t\t\t\t<div class=\"col-lg-4 col-md-6 col-sm-12 service-block\">\r\n\t\t\t\t\t\t\t\t<div class=\"service-block-two\">\r\n\t\t\t\t\t\t\t\t\t<div class=\"inner-box\">\r\n\t\t\t\t\t\t\t\t\t\t<figure class=\"image-box\">\r\n\t\t\t\t\t\t\t\t\t\t\t<img loading=\"lazy\" decoding=\"async\" width=\"1920\" height=\"1080\" src=\"https:\/\/laboratorioschoenstatt.com\/wp-content\/uploads\/2024\/08\/uroanalisis-cover.jpg\" class=\"attachment-full size-full\" alt=\"\" srcset=\"https:\/\/laboratorioschoenstatt.com\/wp-content\/uploads\/2024\/08\/uroanalisis-cover.jpg 1920w, https:\/\/laboratorioschoenstatt.com\/wp-content\/uploads\/2024\/08\/uroanalisis-cover-300x169.jpg 300w, https:\/\/laboratorioschoenstatt.com\/wp-content\/uploads\/2024\/08\/uroanalisis-cover-1024x576.jpg 1024w, https:\/\/laboratorioschoenstatt.com\/wp-content\/uploads\/2024\/08\/uroanalisis-cover-768x432.jpg 768w, https:\/\/laboratorioschoenstatt.com\/wp-content\/uploads\/2024\/08\/uroanalisis-cover-1536x864.jpg 1536w\" sizes=\"(max-width: 1920px) 100vw, 1920px\" \/>\t\t\t\t\t\t\t\t\t\t<\/figure>\r\n\t\t\t\t\t\t\t\t\t\t<div class=\"lower-content\">\r\n\t\t\t\t\t\t\t\t\t\t\t<div class=\"icon-box\"><\/div>\r\n\t\t\t\t\t\t\t\t\t\t\t<h4><a href=\"https:\/\/laboratorioschoenstatt.com\/?page_id=3661\"  >UROAN\u00c1LISIS<\/a><\/h4>\r\n\t\t\t\t\t\t\t\t\t\t\t<p>Nuestro servicio de uroan\u00e1lisis examina la orina para evaluar la salud renal y detectar infecciones urinarias. Ofrecemos an\u00e1lisis de composici\u00f3n, sedimento y pruebas de detecci\u00f3n de enfermedades. Resultados precisos y confiables garantizados.<\/p>\r\n\t\t\t\t\t\t\t\t\t\t\t\t\t\t\t\t\t\t\t\t\t\t<div class=\"btn-box\"><a href=\"https:\/\/laboratorioschoenstatt.com\/?page_id=3661\"   class=\"theme-btn-two\">Ver m\u00e1s<\/a><\/div>\r\n\t\t\t\t\t\t\t\t\t\t\t\t\t\t\t\t\t\t\t\t\t<\/div>\r\n\t\t\t\t\t\t\t\t\t<\/div>\r\n\t\t\t\t\t\t\t\t<\/div>\r\n\t\t\t\t\t\t\t<\/div>\r\n\t\t\t\t\t\t\t\t\t\t\t\t\t<div class=\"col-lg-4 col-md-6 col-sm-12 service-block\">\r\n\t\t\t\t\t\t\t\t<div class=\"service-block-two\">\r\n\t\t\t\t\t\t\t\t\t<div class=\"inner-box\">\r\n\t\t\t\t\t\t\t\t\t\t<figure class=\"image-box\">\r\n\t\t\t\t\t\t\t\t\t\t\t<img loading=\"lazy\" decoding=\"async\" width=\"1280\" height=\"739\" src=\"https:\/\/laboratorioschoenstatt.com\/wp-content\/uploads\/2024\/08\/biopsia3.jpg\" class=\"attachment-full size-full\" alt=\"\" srcset=\"https:\/\/laboratorioschoenstatt.com\/wp-content\/uploads\/2024\/08\/biopsia3.jpg 1280w, https:\/\/laboratorioschoenstatt.com\/wp-content\/uploads\/2024\/08\/biopsia3-300x173.jpg 300w, https:\/\/laboratorioschoenstatt.com\/wp-content\/uploads\/2024\/08\/biopsia3-1024x591.jpg 1024w, https:\/\/laboratorioschoenstatt.com\/wp-content\/uploads\/2024\/08\/biopsia3-768x443.jpg 768w\" sizes=\"(max-width: 1280px) 100vw, 1280px\" \/>\t\t\t\t\t\t\t\t\t\t<\/figure>\r\n\t\t\t\t\t\t\t\t\t\t<div class=\"lower-content\">\r\n\t\t\t\t\t\t\t\t\t\t\t<div class=\"icon-box\"><\/div>\r\n\t\t\t\t\t\t\t\t\t\t\t<h4><a href=\"\"  >ENDOCRINOLOG\u00cdA<\/a><\/h4>\r\n\t\t\t\t\t\t\t\t\t\t\t<p>Nuestro servicio de endocrinolog\u00eda analiza hormonas para diagnosticar y monitorear trastornos hormonales. Ofrecemos pruebas de tiroides, cortisol, insulina y m\u00e1s. Resultados precisos y confiables garantizados.<\/p>\r\n\t\t\t\t\t\t\t\t\t\t\t\t\t\t\t\t\t\t\t\t\t<\/div>\r\n\t\t\t\t\t\t\t\t\t<\/div>\r\n\t\t\t\t\t\t\t\t<\/div>\r\n\t\t\t\t\t\t\t<\/div>\r\n\t\t\t\t\t\t\t\t\t\t\t<\/div>\r\n\t\t\t\t\t<div class=\"more-btn\">\r\n\t\t\t\t\t\t<a href=\"https:\/\/laboratorioschoenstatt.com\/?page_id=3755\"   class=\"theme-btn-one\">Otro Servicio<\/a>\r\n\t\t\t\t\t<\/div>\r\n\t\t\t\t<\/div>\r\n\t\t\t<\/section>\r\n\t\t\t<!-- service-style-two end -->\r\n\t\t\t\t\t\t<\/div>\n\t\t\t\t<\/div>\n\t\t\t\t\t<\/div>\n\t\t\t\t<\/div>\n\t\t\t\t<\/div>\n\t\t","protected":false},"excerpt":{"rendered":"<p>Nuestros Servicios Precisi\u00f3n y confianza en cada an\u00e1lisis. Tu salud, nuestra prioridad. HEMATOLOG\u00cdA Nuestro servicio de hematolog\u00eda ofrece an\u00e1lisis de sangre para diagnosticar y monitorear condiciones m\u00e9dicas. Incluye hemograma completo, [&hellip;]<\/p>\n","protected":false},"author":1,"featured_media":0,"parent":0,"menu_order":0,"comment_status":"closed","ping_status":"closed","template":"","meta":{"footnotes":""},"yst_prominent_words":[],"class_list":["post-3487","page","type-page","status-publish","hentry"],"yoast_head":"<!-- This site is optimized with the Yoast SEO Premium plugin v14.6.1 - https:\/\/yoast.com\/wordpress\/plugins\/seo\/ -->\n<title>Nuestros Servicios - Laboratorio Schoenstatt<\/title>\n<meta name=\"robots\" content=\"index, follow\" \/>\n<meta name=\"googlebot\" content=\"index, follow, max-snippet:-1, max-image-preview:large, max-video-preview:-1\" \/>\n<meta name=\"bingbot\" content=\"index, follow, max-snippet:-1, max-image-preview:large, max-video-preview:-1\" \/>\n<link rel=\"canonical\" href=\"https:\/\/laboratorioschoenstatt.com\/?page_id=3487\" \/>\n<meta property=\"og:locale\" content=\"es_ES\" \/>\n<meta property=\"og:type\" content=\"article\" \/>\n<meta property=\"og:title\" content=\"Nuestros Servicios - Laboratorio Schoenstatt\" \/>\n<meta property=\"og:description\" content=\"Nuestros Servicios Precisi\u00f3n y confianza en cada an\u00e1lisis. Tu salud, nuestra prioridad. HEMATOLOG\u00cdA Nuestro servicio de hematolog\u00eda ofrece an\u00e1lisis de sangre para diagnosticar y monitorear condiciones m\u00e9dicas. Incluye hemograma completo, [&hellip;]\" \/>\n<meta property=\"og:url\" content=\"https:\/\/laboratorioschoenstatt.com\/?page_id=3487\" \/>\n<meta property=\"og:site_name\" content=\"Laboratorio Schoenstatt\" \/>\n<meta property=\"article:modified_time\" content=\"2024-08-05T17:09:13+00:00\" \/>\n<meta property=\"og:image\" content=\"https:\/\/laboratorioschoenstatt.com\/wp-content\/uploads\/2024\/08\/coronavirus-vaccine-lab-with-samples.jpg\" \/>\n<meta name=\"twitter:card\" content=\"summary_large_image\" \/>\n<script type=\"application\/ld+json\" class=\"yoast-schema-graph\">{\"@context\":\"https:\/\/schema.org\",\"@graph\":[{\"@type\":\"WebSite\",\"@id\":\"https:\/\/laboratorioschoenstatt.com\/#website\",\"url\":\"https:\/\/laboratorioschoenstatt.com\/\",\"name\":\"Laboratorio Schoenstatt\",\"description\":\"Laboratorio Schoenstatt\",\"potentialAction\":[{\"@type\":\"SearchAction\",\"target\":\"https:\/\/laboratorioschoenstatt.com\/?s={search_term_string}\",\"query-input\":\"required name=search_term_string\"}],\"inLanguage\":\"es\"},{\"@type\":\"ImageObject\",\"@id\":\"https:\/\/laboratorioschoenstatt.com\/?page_id=3487#primaryimage\",\"inLanguage\":\"es\",\"url\":\"https:\/\/laboratorioschoenstatt.com\/wp-content\/uploads\/2024\/08\/coronavirus-vaccine-lab-with-samples.jpg\",\"width\":1500,\"height\":737},{\"@type\":\"WebPage\",\"@id\":\"https:\/\/laboratorioschoenstatt.com\/?page_id=3487#webpage\",\"url\":\"https:\/\/laboratorioschoenstatt.com\/?page_id=3487\",\"name\":\"Nuestros Servicios - Laboratorio Schoenstatt\",\"isPartOf\":{\"@id\":\"https:\/\/laboratorioschoenstatt.com\/#website\"},\"primaryImageOfPage\":{\"@id\":\"https:\/\/laboratorioschoenstatt.com\/?page_id=3487#primaryimage\"},\"datePublished\":\"2024-07-31T02:16:00+00:00\",\"dateModified\":\"2024-08-05T17:09:13+00:00\",\"inLanguage\":\"es\",\"potentialAction\":[{\"@type\":\"ReadAction\",\"target\":[\"https:\/\/laboratorioschoenstatt.com\/?page_id=3487\"]}]}]}<\/script>\n<!-- \/ Yoast SEO Premium plugin. -->","_links":{"self":[{"href":"https:\/\/laboratorioschoenstatt.com\/index.php?rest_route=\/wp\/v2\/pages\/3487","targetHints":{"allow":["GET"]}}],"collection":[{"href":"https:\/\/laboratorioschoenstatt.com\/index.php?rest_route=\/wp\/v2\/pages"}],"about":[{"href":"https:\/\/laboratorioschoenstatt.com\/index.php?rest_route=\/wp\/v2\/types\/page"}],"author":[{"embeddable":true,"href":"https:\/\/laboratorioschoenstatt.com\/index.php?rest_route=\/wp\/v2\/users\/1"}],"replies":[{"embeddable":true,"href":"https:\/\/laboratorioschoenstatt.com\/index.php?rest_route=%2Fwp%2Fv2%2Fcomments&post=3487"}],"version-history":[{"count":26,"href":"https:\/\/laboratorioschoenstatt.com\/index.php?rest_route=\/wp\/v2\/pages\/3487\/revisions"}],"predecessor-version":[{"id":3849,"href":"https:\/\/laboratorioschoenstatt.com\/index.php?rest_route=\/wp\/v2\/pages\/3487\/revisions\/3849"}],"wp:attachment":[{"href":"https:\/\/laboratorioschoenstatt.com\/index.php?rest_route=%2Fwp%2Fv2%2Fmedia&parent=3487"}],"wp:term":[{"taxonomy":"yst_prominent_words","embeddable":true,"href":"https:\/\/laboratorioschoenstatt.com\/index.php?rest_route=%2Fwp%2Fv2%2Fyst_prominent_words&post=3487"}],"curies":[{"name":"wp","href":"https:\/\/api.w.org\/{rel}","templated":true}]}}